{"id":6840,"date":"2024-11-14T22:29:39","date_gmt":"2024-11-14T22:29:39","guid":{"rendered":"https:\/\/barondemassy.com\/christian-de-massy\/"},"modified":"2024-11-17T14:37:31","modified_gmt":"2024-11-17T14:37:31","slug":"christian-de-massy","status":"publish","type":"page","link":"https:\/\/barondemassy.com\/fr\/","title":{"rendered":"Christian de Massy"},"content":{"rendered":"\t\t<div data-elementor-type=\"wp-page\" data-elementor-id=\"6840\" class=\"elementor elementor-6840 elementor-6836\">\n\t\t\t\t<div class=\"elementor-element elementor-element-f2232f8 e-con-full e-flex wpr-particle-no wpr-jarallax-no wpr-parallax-no wpr-sticky-section-no e-con e-parent\" data-id=\"f2232f8\" data-element_type=\"container\" data-settings=\"{&quot;background_background&quot;:&quot;slideshow&quot;,&quot;background_slideshow_gallery&quot;:[{&quot;id&quot;:86,&quot;url&quot;:&quot;https:\\\/\\\/barondemassy.com\\\/wp-content\\\/uploads\\\/2024\\\/07\\\/IMG-00.jpg&quot;},{&quot;id&quot;:88,&quot;url&quot;:&quot;https:\\\/\\\/barondemassy.com\\\/wp-content\\\/uploads\\\/2024\\\/07\\\/IMG-02.jpg&quot;},{&quot;id&quot;:87,&quot;url&quot;:&quot;https:\\\/\\\/barondemassy.com\\\/wp-content\\\/uploads\\\/2024\\\/07\\\/IMG-01.jpg&quot;},{&quot;id&quot;:926,&quot;url&quot;:&quot;https:\\\/\\\/barondemassy.com\\\/wp-content\\\/uploads\\\/2024\\\/07\\\/IMG-03-Bis.jpg&quot;}],&quot;background_slideshow_slide_duration&quot;:2000,&quot;background_slideshow_slide_transition&quot;:&quot;slide_left&quot;,&quot;animation&quot;:&quot;none&quot;,&quot;background_slideshow_transition_duration&quot;:600,&quot;background_slideshow_loop&quot;:&quot;yes&quot;}\">\n\t\t\t\t<div class=\"elementor-element elementor-element-38ad791 elementor-widget elementor-widget-spacer\" data-id=\"38ad791\" data-element_type=\"widget\" data-widget_type=\"spacer.default\">\n\t\t\t\t<div class=\"elementor-widget-container\">\n\t\t\t\t\t\t\t<div class=\"elementor-spacer\">\n\t\t\t<div class=\"elementor-spacer-inner\"><\/div>\n\t\t<\/div>\n\t\t\t\t\t\t<\/div>\n\t\t\t\t<\/div>\n\t\t\t\t<div class=\"elementor-element elementor-element-31a2740 elementor-widget elementor-widget-spacer\" data-id=\"31a2740\" data-element_type=\"widget\" data-widget_type=\"spacer.default\">\n\t\t\t\t<div class=\"elementor-widget-container\">\n\t\t\t\t\t\t\t<div class=\"elementor-spacer\">\n\t\t\t<div class=\"elementor-spacer-inner\"><\/div>\n\t\t<\/div>\n\t\t\t\t\t\t<\/div>\n\t\t\t\t<\/div>\n\t\t\t\t<\/div>\n\t\t<div class=\"elementor-element elementor-element-6eb19a6 e-flex e-con-boxed wpr-particle-no wpr-jarallax-no wpr-parallax-no wpr-sticky-section-no e-con e-parent\" data-id=\"6eb19a6\" data-element_type=\"container\">\n\t\t\t\t\t<div class=\"e-con-inner\">\n\t\t\t\t<div class=\"elementor-element elementor-element-c425b2e elementor-widget elementor-widget-spacer\" data-id=\"c425b2e\" data-element_type=\"widget\" data-widget_type=\"spacer.default\">\n\t\t\t\t<div class=\"elementor-widget-container\">\n\t\t\t\t\t\t\t<div class=\"elementor-spacer\">\n\t\t\t<div class=\"elementor-spacer-inner\"><\/div>\n\t\t<\/div>\n\t\t\t\t\t\t<\/div>\n\t\t\t\t<\/div>\n\t\t<div class=\"elementor-element elementor-element-63cdc40 e-con-full e-flex wpr-particle-no wpr-jarallax-no wpr-parallax-no wpr-sticky-section-no e-con e-child\" data-id=\"63cdc40\" data-element_type=\"container\">\n\t\t\t\t<div class=\"elementor-element elementor-element-2c2f9ea elementor-widget elementor-widget-image\" data-id=\"2c2f9ea\" data-element_type=\"widget\" data-widget_type=\"image.default\">\n\t\t\t\t<div class=\"elementor-widget-container\">\n\t\t\t\t\t\t\t\t\t\t\t\t\t\t\t<img fetchpriority=\"high\" decoding=\"async\" width=\"1024\" height=\"1024\" src=\"https:\/\/barondemassy.com\/wp-content\/uploads\/2024\/09\/IMG-AboutCdeMassy-02-1024x1024.jpg\" class=\"attachment-large size-large wp-image-5003\" alt=\"\" srcset=\"https:\/\/barondemassy.com\/wp-content\/uploads\/2024\/09\/IMG-AboutCdeMassy-02-1024x1024.jpg 1024w, https:\/\/barondemassy.com\/wp-content\/uploads\/2024\/09\/IMG-AboutCdeMassy-02-300x300.jpg 300w, https:\/\/barondemassy.com\/wp-content\/uploads\/2024\/09\/IMG-AboutCdeMassy-02-150x150.jpg 150w, https:\/\/barondemassy.com\/wp-content\/uploads\/2024\/09\/IMG-AboutCdeMassy-02-768x768.jpg 768w, https:\/\/barondemassy.com\/wp-content\/uploads\/2024\/09\/IMG-AboutCdeMassy-02-1536x1536.jpg 1536w, https:\/\/barondemassy.com\/wp-content\/uploads\/2024\/09\/IMG-AboutCdeMassy-02.jpg 2000w\" sizes=\"(max-width: 1024px) 100vw, 1024px\" \/>\t\t\t\t\t\t\t\t\t\t\t\t\t\t\t<\/div>\n\t\t\t\t<\/div>\n\t\t\t\t<\/div>\n\t\t<div class=\"elementor-element elementor-element-267648b e-con-full e-flex wpr-particle-no wpr-jarallax-no wpr-parallax-no wpr-sticky-section-no e-con e-child\" data-id=\"267648b\" data-element_type=\"container\">\n\t\t\t\t<div class=\"elementor-element elementor-element-f67487c elementor-widget elementor-widget-heading\" data-id=\"f67487c\" data-element_type=\"widget\" data-widget_type=\"heading.default\">\n\t\t\t\t<div class=\"elementor-widget-container\">\n\t\t\t\t\t<h2 class=\"elementor-heading-title elementor-size-default\">\u00c0 propos Christian de Massy<\/h2>\t\t\t\t<\/div>\n\t\t\t\t<\/div>\n\t\t\t\t<div class=\"elementor-element elementor-element-9bd2404 elementor-widget elementor-widget-text-editor\" data-id=\"9bd2404\" data-element_type=\"widget\" data-widget_type=\"text-editor.default\">\n\t\t\t\t<div class=\"elementor-widget-container\">\n\t\t\t\t\t\t\t\t\t<p>Christian de Massy est n\u00e9 le jour de ce qui \u00e9tait \u00e0 l\u2019\u00e9poque la f\u00eate nationale. Son existence se lit comme un sc\u00e9nario hollywoodien : protagoniste involontaire d&rsquo;une tentative de coup d&rsquo;\u00c9tat lorsqu&rsquo;il \u00e9tait enfant, son esprit rebelle l&rsquo;a fait expulser du Rosey, \u00ab l&rsquo;\u00e9cole des rois \u00bb, porteur de l\u2019anneau de mariage de la Princesse Grace, il a parcouru l&rsquo;Afrique dans un vieux Land Rover dans les ann\u00e9es 70, a \u00e9t\u00e9 pilote de course, a parcouru les Andes et a descendu l&rsquo;Amazone en cano\u00eb. Il a travaill\u00e9 dans une plantation de th\u00e9, jou\u00e9 au football en Rhod\u00e9sie, gagn\u00e9 une Rolls Royce lors d&rsquo;un pari nocturne, surv\u00e9cu \u00e0 un accident qui a d\u00e9truit sa Ferrari, gagna une petite fortune au casino, a \u00e9t\u00e9 l&rsquo;un des premiers entrepreneurs occidentaux dans le bloc de l&rsquo;Est avant 1989 et a fond\u00e9 une soci\u00e9t\u00e9 de marques de luxe \u00e0 Monaco. Il a \u00e9t\u00e9 juge pour le concours de beaut\u00e9 Miss Colombie, a conduit de l&rsquo;Alaska \u00e0 Ushua\u00efa, et rejoint le cap nord \u00e0 moto en solitaire apr\u00e8s avoir servi 11 ans comme Diplomate. S\u00e9lectionn\u00e9 par la revue\u00a0<i>TOWN and COUNTRY<\/i> pour int\u00e9grer la liste des \u00ab 400 personnalit\u00e9s internationaux qui font New York \u00bb il figura \u00e9galement dans celle des c\u00e9libataires les plus convoit\u00e9s. Il est un t\u00e9moin cl\u00e9 de la transformation de Monaco, de la haute soci\u00e9t\u00e9 glamour et de la \u00ab Dolce vita \u00bb des ann\u00e9es 70 aux p\u00e9trodollars et aux oligarques d&rsquo;aujourd&rsquo;hui. De Massy est une figure intrigante et une personnalit\u00e9 pour qui la v\u00e9ritable valeur d\u2019une personne r\u00e9side dans sa parole, et que ceux qui ne l\u2019honorent pas m\u00e9ritent le m\u00e9pris.<\/p>\n\t\t\t\t\t\t\t\t<\/div>\n\t\t\t\t<\/div>\n\t\t\t\t<\/div>\n\t\t\t\t\t<\/div>\n\t\t\t\t<\/div>\n\t\t<div class=\"elementor-element elementor-element-bf97b52 e-con-full e-flex wpr-particle-no wpr-jarallax-no wpr-parallax-no wpr-sticky-section-no e-con e-parent\" data-id=\"bf97b52\" data-element_type=\"container\">\n\t\t<div class=\"elementor-element elementor-element-42b73a3 e-con-full e-flex wpr-particle-no wpr-jarallax-no wpr-parallax-no wpr-sticky-section-no e-con e-child\" data-id=\"42b73a3\" data-element_type=\"container\">\n\t\t\t\t<div class=\"elementor-element elementor-element-2f0b2ae elementor-widget elementor-widget-text-editor\" data-id=\"2f0b2ae\" data-element_type=\"widget\" data-widget_type=\"text-editor.default\">\n\t\t\t\t<div class=\"elementor-widget-container\">\n\t\t\t\t\t\t\t\t\t<p style=\"text-align: center;\"><strong>______________<\/strong><\/p>\n\t\t\t\t\t\t\t\t<\/div>\n\t\t\t\t<\/div>\n\t\t\t\t<div class=\"elementor-element elementor-element-6bef4ef elementor-widget elementor-widget-heading\" data-id=\"6bef4ef\" data-element_type=\"widget\" data-widget_type=\"heading.default\">\n\t\t\t\t<div class=\"elementor-widget-container\">\n\t\t\t\t\t<h2 class=\"elementor-heading-title elementor-size-default\">\u00ab Faire ce que l'on aime, c'est la libert\u00e9, aimer ce que l'on fait, c'est le bonheur \u00bb<\/h2>\t\t\t\t<\/div>\n\t\t\t\t<\/div>\n\t\t\t\t<\/div>\n\t\t\t\t<\/div>\n\t\t<div class=\"elementor-element elementor-element-e868822 e-flex e-con-boxed wpr-particle-no wpr-jarallax-no wpr-parallax-no wpr-sticky-section-no e-con e-parent\" data-id=\"e868822\" data-element_type=\"container\">\n\t\t\t\t\t<div class=\"e-con-inner\">\n\t\t\t\t<div class=\"elementor-element elementor-element-e59eb5c elementor-widget elementor-widget-image\" data-id=\"e59eb5c\" data-element_type=\"widget\" data-widget_type=\"image.default\">\n\t\t\t\t<div class=\"elementor-widget-container\">\n\t\t\t\t\t\t\t\t\t\t\t\t\t\t\t<img decoding=\"async\" width=\"2560\" height=\"1920\" src=\"https:\/\/barondemassy.com\/wp-content\/uploads\/2024\/07\/IMG_5936-scaled.jpeg\" class=\"attachment-full size-full wp-image-4873\" alt=\"Christian de Massy\" srcset=\"https:\/\/barondemassy.com\/wp-content\/uploads\/2024\/07\/IMG_5936-scaled.jpeg 2560w, https:\/\/barondemassy.com\/wp-content\/uploads\/2024\/07\/IMG_5936-300x225.jpeg 300w, https:\/\/barondemassy.com\/wp-content\/uploads\/2024\/07\/IMG_5936-1024x768.jpeg 1024w, https:\/\/barondemassy.com\/wp-content\/uploads\/2024\/07\/IMG_5936-768x576.jpeg 768w, https:\/\/barondemassy.com\/wp-content\/uploads\/2024\/07\/IMG_5936-1536x1152.jpeg 1536w, https:\/\/barondemassy.com\/wp-content\/uploads\/2024\/07\/IMG_5936-2048x1536.jpeg 2048w\" sizes=\"(max-width: 2560px) 100vw, 2560px\" \/>\t\t\t\t\t\t\t\t\t\t\t\t\t\t\t<\/div>\n\t\t\t\t<\/div>\n\t\t\t\t<div class=\"elementor-element elementor-element-d90a831 elementor-widget elementor-widget-spacer\" data-id=\"d90a831\" data-element_type=\"widget\" data-widget_type=\"spacer.default\">\n\t\t\t\t<div class=\"elementor-widget-container\">\n\t\t\t\t\t\t\t<div class=\"elementor-spacer\">\n\t\t\t<div class=\"elementor-spacer-inner\"><\/div>\n\t\t<\/div>\n\t\t\t\t\t\t<\/div>\n\t\t\t\t<\/div>\n\t\t\t\t\t<\/div>\n\t\t\t\t<\/div>\n\t\t\t\t<\/div>\n\t\t","protected":false},"excerpt":{"rendered":"<p>\u00c0 propos Christian de Massy Christian de Massy est n\u00e9 le jour de ce qui \u00e9tait \u00e0 l\u2019\u00e9poque la f\u00eate nationale. Son existence se lit comme un sc\u00e9nario hollywoodien : protagoniste involontaire d&rsquo;une tentative de coup d&rsquo;\u00c9tat lorsqu&rsquo;il \u00e9tait enfant, son esprit rebelle l&rsquo;a fait expulser du Rosey, \u00ab l&rsquo;\u00e9cole des rois \u00bb, porteur de l\u2019anneau de mariage de la Princesse Grace, il a parcouru l&rsquo;Afrique dans un vieux Land Rover dans les ann\u00e9es 70, a \u00e9t\u00e9 pilote de course, a parcouru les Andes et a descendu l&rsquo;Amazone en cano\u00eb. Il a travaill\u00e9 dans une plantation de th\u00e9, jou\u00e9 au football en Rhod\u00e9sie, gagn\u00e9 une Rolls Royce lors d&rsquo;un pari nocturne, surv\u00e9cu \u00e0 un accident qui a d\u00e9truit sa Ferrari, gagna une petite fortune au casino, a \u00e9t\u00e9 l&rsquo;un des premiers entrepreneurs occidentaux dans le bloc de l&rsquo;Est avant 1989 et a fond\u00e9 une soci\u00e9t\u00e9 de marques de luxe \u00e0 Monaco. Il a \u00e9t\u00e9 juge pour le concours de beaut\u00e9 Miss Colombie, a conduit de l&rsquo;Alaska \u00e0 Ushua\u00efa, et rejoint le cap nord \u00e0 moto en solitaire apr\u00e8s avoir servi 11 ans comme Diplomate. S\u00e9lectionn\u00e9 par la revue\u00a0TOWN and COUNTRY pour int\u00e9grer la liste des \u00ab 400 personnalit\u00e9s internationaux qui font New York \u00bb il figura \u00e9galement dans celle des c\u00e9libataires les plus convoit\u00e9s. Il est un t\u00e9moin cl\u00e9 de la transformation de Monaco, de la haute soci\u00e9t\u00e9 glamour et de la \u00ab Dolce vita \u00bb des ann\u00e9es 70 aux p\u00e9trodollars et aux oligarques d&rsquo;aujourd&rsquo;hui. De Massy est une figure intrigante et une personnalit\u00e9 pour qui la v\u00e9ritable valeur d\u2019une personne r\u00e9side dans sa parole, et que ceux qui ne l\u2019honorent pas m\u00e9ritent le m\u00e9pris. ______________ \u00ab Faire ce que l&rsquo;on aime, c&rsquo;est la libert\u00e9, aimer ce que l&rsquo;on fait, c&rsquo;est le bonheur \u00bb<\/p>\n","protected":false},"author":1,"featured_media":0,"parent":0,"menu_order":0,"comment_status":"closed","ping_status":"closed","template":"elementor_header_footer","meta":{"footnotes":""},"class_list":["post-6840","page","type-page","status-publish","hentry"],"_links":{"self":[{"href":"https:\/\/barondemassy.com\/fr\/wp-json\/wp\/v2\/pages\/6840","targetHints":{"allow":["GET"]}}],"collection":[{"href":"https:\/\/barondemassy.com\/fr\/wp-json\/wp\/v2\/pages"}],"about":[{"href":"https:\/\/barondemassy.com\/fr\/wp-json\/wp\/v2\/types\/page"}],"author":[{"embeddable":true,"href":"https:\/\/barondemassy.com\/fr\/wp-json\/wp\/v2\/users\/1"}],"replies":[{"embeddable":true,"href":"https:\/\/barondemassy.com\/fr\/wp-json\/wp\/v2\/comments?post=6840"}],"version-history":[{"count":10,"href":"https:\/\/barondemassy.com\/fr\/wp-json\/wp\/v2\/pages\/6840\/revisions"}],"predecessor-version":[{"id":7243,"href":"https:\/\/barondemassy.com\/fr\/wp-json\/wp\/v2\/pages\/6840\/revisions\/7243"}],"wp:attachment":[{"href":"https:\/\/barondemassy.com\/fr\/wp-json\/wp\/v2\/media?parent=6840"}],"curies":[{"name":"wp","href":"https:\/\/api.w.org\/{rel}","templated":true}]}}